{"id":75,"date":"2023-11-08T20:46:06","date_gmt":"2023-11-08T23:46:06","guid":{"rendered":"https:\/\/pedreirogoiania.com.br\/?page_id=75"},"modified":"2023-11-12T20:06:30","modified_gmt":"2023-11-12T23:06:30","slug":"construcao-de-muros-e-estruturas-goiania","status":"publish","type":"page","link":"https:\/\/pedreirogoiania.com.br\/index.php\/construcao-de-muros-e-estruturas-goiania\/","title":{"rendered":"Constru\u00e7\u00e3o de Muros e estruturas"},"content":{"rendered":"<div class=\"vce-row-container\" data-vce-boxed-width=\"true\"><div class=\"vce-row vce-row--col-gap-30 vce-row-equal-height vce-row-content--top\" id=\"el-7992d861\" data-vce-do-apply=\"all el-7992d861\"><div class=\"vce-row-content\" data-vce-element-content=\"true\"><div class=\"vce-col vce-col--md-auto vce-col--xs-1 vce-col--xs-last vce-col--xs-first vce-col--sm-last vce-col--sm-first vce-col--md-first vce-col--lg-first vce-col--xl-first\" id=\"el-9fca4ee8\"><div class=\"vce-col-inner\" data-vce-do-apply=\"border margin background  el-9fca4ee8\"><div class=\"vce-col-content\" data-vce-element-content=\"true\" data-vce-do-apply=\"padding el-9fca4ee8\"><div class=\"vce-image-gallery vce-image-gallery--gap-10 vce-image-gallery--columns-3\"><div class=\"vce-image-gallery-wrapper vce\" id=\"el-edc718fc\" data-vce-do-apply=\"all el-edc718fc\"><div class=\"vce-image-gallery-list\"><div class=\"vce-image-gallery-item\"><figure class=\"vce-image-gallery-item-inner-wrapper\"><a href=\"https:\/\/pedreirogoiania.com.br\/wp-content\/uploads\/2023\/11\/ped4.png\" data-lightbox=\"lightbox-edc718fc\" class=\"vce-image-gallery-item-inner\"><img decoding=\"async\" class=\"vce-image-gallery-img\" src=\"https:\/\/pedreirogoiania.com.br\/wp-content\/uploads\/2023\/11\/ped4.png\" alt=\"\" title=\"ped4\"><\/a><\/figure><\/div><div class=\"vce-image-gallery-item\"><figure class=\"vce-image-gallery-item-inner-wrapper\"><a href=\"https:\/\/pedreirogoiania.com.br\/wp-content\/uploads\/2023\/11\/background-pedreiro-2.png\" data-lightbox=\"lightbox-edc718fc\" class=\"vce-image-gallery-item-inner\"><img decoding=\"async\" class=\"vce-image-gallery-img\" src=\"https:\/\/pedreirogoiania.com.br\/wp-content\/uploads\/2023\/11\/background-pedreiro-2-1024x682.png\" alt=\"\" title=\"background-pedreiro-2\"><\/a><\/figure><\/div><div class=\"vce-image-gallery-item\"><figure class=\"vce-image-gallery-item-inner-wrapper\"><a href=\"https:\/\/pedreirogoiania.com.br\/wp-content\/uploads\/2023\/11\/ped5-1.png\" data-lightbox=\"lightbox-edc718fc\" class=\"vce-image-gallery-item-inner\"><img decoding=\"async\" class=\"vce-image-gallery-img\" src=\"https:\/\/pedreirogoiania.com.br\/wp-content\/uploads\/2023\/11\/ped5-1.png\" alt=\"\" title=\"ped5\"><\/a><\/figure><\/div><div class=\"vce-image-gallery-item\"><figure class=\"vce-image-gallery-item-inner-wrapper\"><a href=\"https:\/\/pedreirogoiania.com.br\/wp-content\/uploads\/2023\/11\/estruturas-de-muro-goiania.png\" data-lightbox=\"lightbox-edc718fc\" class=\"vce-image-gallery-item-inner\"><img decoding=\"async\" class=\"vce-image-gallery-img\" src=\"https:\/\/pedreirogoiania.com.br\/wp-content\/uploads\/2023\/11\/estruturas-de-muro-goiania.png\" alt=\"\" title=\"estruturas de muro goiania\"><\/a><\/figure><\/div><div class=\"vce-image-gallery-item\"><figure class=\"vce-image-gallery-item-inner-wrapper\"><a href=\"https:\/\/pedreirogoiania.com.br\/wp-content\/uploads\/2023\/11\/muro-com-ferragem-goiania.png\" data-lightbox=\"lightbox-edc718fc\" class=\"vce-image-gallery-item-inner\"><img decoding=\"async\" class=\"vce-image-gallery-img\" src=\"https:\/\/pedreirogoiania.com.br\/wp-content\/uploads\/2023\/11\/muro-com-ferragem-goiania.png\" alt=\"\" title=\"muro com ferragem goiania\"><\/a><\/figure><\/div><\/div><\/div><\/div><\/div><\/div><\/div><div class=\"vce-col vce-col--md-auto vce-col--xs-1 vce-col--xs-last vce-col--xs-first vce-col--sm-last vce-col--sm-first vce-col--md-last vce-col--lg-last vce-col--xl-last\" id=\"el-4b9524f8\"><div class=\"vce-col-inner\" data-vce-do-apply=\"border margin background  el-4b9524f8\"><div class=\"vce-col-content\" data-vce-element-content=\"true\" data-vce-do-apply=\"padding el-4b9524f8\"><div class=\"vce-text-block\"><div class=\"vce-text-block-wrapper vce\" id=\"el-6163c812\" data-vce-do-apply=\"all el-6163c812\"><h2>Construimos muros e estruturas<\/h2><p>Uma boa funda\u00e7\u00e3o \u00e9 necess\u00e1ria na constru\u00e7\u00e3o de estruturas, contrate-nos para levantar seu muro de arrimo tijolos e estruturas de blocos, tais como galp\u00f5es e paredes internas e externas.<\/p><p><strong>Constru\u00e7\u00e3o de estruturas e muros em Goi\u00e2nia<\/strong> \u00e9 na Hudson Reformas.<\/p><\/div><\/div><div class=\"vce-button--style-basic-container vce-button--style-basic-container--align-left\"><span class=\"vce-button--style-basic-wrapper vce\" id=\"el-17803a2d\" data-vce-do-apply=\"margin el-17803a2d\"><a class=\"vce-button vce-button--style-basic vce-button--style-basic--border-square vce-button--style-basic--size-medium vce-button--style-basic--color-557cbf--fff\" href=\"https:\/\/api.whatsapp.com\/send?phone=5562985847343&amp;text=quero+construir+uma+estrutura+muro+vim+do+site\" title=\"\" data-vce-do-apply=\"padding border background  el-17803a2d\">Iniciar atendimento WhatsApp<\/a><\/span><\/div><\/div><\/div><\/div><\/div><\/div><\/div>\n","protected":false},"excerpt":{"rendered":"<p>Construimos muros e estruturasUma boa funda\u00e7\u00e3o \u00e9 necess\u00e1ria na constru\u00e7\u00e3o de estruturas, contrate-nos para levantar seu muro de arrimo tijolos e estruturas de blocos, tais como galp\u00f5es e paredes internas e externas.Constru\u00e7\u00e3o de estruturas e muros em Goi\u00e2nia \u00e9 na Hudson Reformas.Iniciar atendimento WhatsApp<\/p>\n","protected":false},"author":1,"featured_media":0,"parent":0,"menu_order":0,"comment_status":"closed","ping_status":"closed","template":"","meta":{"inline_featured_image":false,"footnotes":""},"aioseo_notices":[],"_links":{"self":[{"href":"https:\/\/pedreirogoiania.com.br\/index.php\/wp-json\/wp\/v2\/pages\/75"}],"collection":[{"href":"https:\/\/pedreirogoiania.com.br\/index.php\/wp-json\/wp\/v2\/pages"}],"about":[{"href":"https:\/\/pedreirogoiania.com.br\/index.php\/wp-json\/wp\/v2\/types\/page"}],"author":[{"embeddable":true,"href":"https:\/\/pedreirogoiania.com.br\/index.php\/wp-json\/wp\/v2\/users\/1"}],"replies":[{"embeddable":true,"href":"https:\/\/pedreirogoiania.com.br\/index.php\/wp-json\/wp\/v2\/comments?post=75"}],"version-history":[{"count":6,"href":"https:\/\/pedreirogoiania.com.br\/index.php\/wp-json\/wp\/v2\/pages\/75\/revisions"}],"predecessor-version":[{"id":86,"href":"https:\/\/pedreirogoiania.com.br\/index.php\/wp-json\/wp\/v2\/pages\/75\/revisions\/86"}],"wp:attachment":[{"href":"https:\/\/pedreirogoiania.com.br\/index.php\/wp-json\/wp\/v2\/media?parent=75"}],"curies":[{"name":"wp","href":"https:\/\/api.w.org\/{rel}","templated":true}]}}